{"id":204,"date":"2023-02-07T19:39:27","date_gmt":"2023-02-07T19:39:27","guid":{"rendered":"https:\/\/diesvi.com\/?page_id=204"},"modified":"2023-09-18T18:15:38","modified_gmt":"2023-09-18T18:15:38","slug":"testimonios-satisfaccion-del-cliente","status":"publish","type":"page","link":"https:\/\/diesvi.com\/?page_id=204","title":{"rendered":"Testimonios"},"content":{"rendered":"\t\t<div data-elementor-type=\"wp-page\" data-elementor-id=\"204\" class=\"elementor elementor-204\" data-elementor-post-type=\"page\">\n\t\t\t\t\t\t<section class=\"elementor-section elementor-top-section elementor-element elementor-element-4c90878a elementor-section-boxed elementor-section-height-default elementor-section-height-default\" data-id=\"4c90878a\" data-element_type=\"section\" data-e-type=\"section\" data-settings=\"{&quot;background_background&quot;:&quot;classic&quot;}\">\n\t\t\t\t\t\t<div class=\"elementor-container elementor-column-gap-default\">\n\t\t\t\t\t<div class=\"elementor-column elementor-col-100 elementor-top-column elementor-element elementor-element-ec73f43\" data-id=\"ec73f43\" data-element_type=\"column\" data-e-type=\"column\">\n\t\t\t<div class=\"elementor-widget-wrap elementor-element-populated\">\n\t\t\t\t\t\t<div class=\"elementor-element elementor-element-5dd2df01 elementor-icon-list--layout-inline elementor-mobile-align-center elementor-list-item-link-full_width elementor-widget elementor-widget-icon-list\" data-id=\"5dd2df01\" data-element_type=\"widget\" data-e-type=\"widget\" data-widget_type=\"icon-list.default\">\n\t\t\t\t<div class=\"elementor-widget-container\">\n\t\t\t\t\t\t\t<ul class=\"elementor-icon-list-items elementor-inline-items\">\n\t\t\t\t\t\t\t<li class=\"elementor-icon-list-item elementor-inline-item\">\n\t\t\t\t\t\t\t\t\t\t\t<a href=\"https:\/\/diesvi.com\">\n\n\t\t\t\t\t\t\t\t\t\t\t<span class=\"elementor-icon-list-text\">Inicio<\/span>\n\t\t\t\t\t\t\t\t\t\t\t<\/a>\n\t\t\t\t\t\t\t\t\t<\/li>\n\t\t\t\t\t\t\t\t<li class=\"elementor-icon-list-item elementor-inline-item\">\n\t\t\t\t\t\t\t\t\t\t\t<a href=\"#\">\n\n\t\t\t\t\t\t\t\t\t\t\t<span class=\"elementor-icon-list-text\">TESTIMONIOS<\/span>\n\t\t\t\t\t\t\t\t\t\t\t<\/a>\n\t\t\t\t\t\t\t\t\t<\/li>\n\t\t\t\t\t\t<\/ul>\n\t\t\t\t\t\t<\/div>\n\t\t\t\t<\/div>\n\t\t\t\t<div class=\"elementor-element elementor-element-2924014c elementor-widget elementor-widget-heading\" data-id=\"2924014c\" data-element_type=\"widget\" data-e-type=\"widget\" data-widget_type=\"heading.default\">\n\t\t\t\t<div class=\"elementor-widget-container\">\n\t\t\t\t\t<h2 class=\"elementor-heading-title elementor-size-default\">Testimonios<\/h2>\t\t\t\t<\/div>\n\t\t\t\t<\/div>\n\t\t\t\t<div class=\"elementor-element elementor-element-617d9b8c elementor-widget-divider--view-line elementor-widget elementor-widget-divider\" data-id=\"617d9b8c\" data-element_type=\"widget\" data-e-type=\"widget\" data-widget_type=\"divider.default\">\n\t\t\t\t<div class=\"elementor-widget-container\">\n\t\t\t\t\t\t\t<div class=\"elementor-divider\">\n\t\t\t<span class=\"elementor-divider-separator\">\n\t\t\t\t\t\t<\/span>\n\t\t<\/div>\n\t\t\t\t\t\t<\/div>\n\t\t\t\t<\/div>\n\t\t\t\t\t<\/div>\n\t\t<\/div>\n\t\t\t\t\t<\/div>\n\t\t<\/section>\n\t\t\t\t<section class=\"elementor-section elementor-top-section elementor-element elementor-element-1aea9208 elementor-section-boxed elementor-section-height-default elementor-section-height-default\" data-id=\"1aea9208\" data-element_type=\"section\" data-e-type=\"section\">\n\t\t\t\t\t\t<div class=\"elementor-container elementor-column-gap-default\">\n\t\t\t\t\t<div class=\"elementor-column elementor-col-100 elementor-top-column elementor-element elementor-element-7ecf4842\" data-id=\"7ecf4842\" data-element_type=\"column\" data-e-type=\"column\" data-settings=\"{&quot;background_background&quot;:&quot;classic&quot;}\">\n\t\t\t<div class=\"elementor-widget-wrap elementor-element-populated\">\n\t\t\t\t\t\t<div class=\"elementor-element elementor-element-5fea7bae elementor-widget elementor-widget-heading\" data-id=\"5fea7bae\" data-element_type=\"widget\" data-e-type=\"widget\" data-widget_type=\"heading.default\">\n\t\t\t\t<div class=\"elementor-widget-container\">\n\t\t\t\t\t<h2 class=\"elementor-heading-title elementor-size-default\">Lo que dicen nuestros clientes<\/h2>\t\t\t\t<\/div>\n\t\t\t\t<\/div>\n\t\t\t\t<div class=\"elementor-element elementor-element-264f5d0e elementor-widget elementor-widget-elementskit-heading\" data-id=\"264f5d0e\" data-element_type=\"widget\" data-e-type=\"widget\" data-widget_type=\"elementskit-heading.default\">\n\t\t\t\t<div class=\"elementor-widget-container\">\n\t\t\t\t\t<div class=\"ekit-wid-con\" ><div class=\"ekit-heading elementskit-section-title-wraper text_center   ekit_heading_tablet-   ekit_heading_mobile-\"><h3 class=\"ekit-heading--title elementskit-section-title \"> <span><span>Testimonios<\/span><\/span> de  Nuestros Clientes<\/h3><\/div><\/div>\t\t\t\t<\/div>\n\t\t\t\t<\/div>\n\t\t\t\t<div class=\"elementor-element elementor-element-1d181300 elementor-widget elementor-widget-elementskit-testimonial\" data-id=\"1d181300\" data-element_type=\"widget\" data-e-type=\"widget\" data-widget_type=\"elementskit-testimonial.default\">\n\t\t\t\t<div class=\"elementor-widget-container\">\n\t\t\t\t\t<div class=\"ekit-wid-con\" ><div class=\"elementskit-testimonial-slider arrow_inside \" data-config=\"{&quot;rtl&quot;:false,&quot;arrows&quot;:false,&quot;dots&quot;:false,&quot;pauseOnHover&quot;:true,&quot;autoplay&quot;:true,&quot;speed&quot;:1000,&quot;slidesPerGroup&quot;:1,&quot;slidesPerView&quot;:3,&quot;loop&quot;:true,&quot;spaceBetween&quot;:15,&quot;breakpoints&quot;:{&quot;320&quot;:{&quot;slidesPerView&quot;:1,&quot;slidesPerGroup&quot;:1,&quot;spaceBetween&quot;:10},&quot;768&quot;:{&quot;slidesPerView&quot;:2,&quot;slidesPerGroup&quot;:1,&quot;spaceBetween&quot;:10},&quot;1024&quot;:{&quot;slidesPerView&quot;:3,&quot;slidesPerGroup&quot;:1,&quot;spaceBetween&quot;:15}}}\">\n\t<div class=\"ekit-main-swiper swiper\">\n\t\t<div class=\"swiper-wrapper\">\n\t\t\t\t\t\t<div class=\"swiper-slide\">\n\t\t\t\t<div class=\"swiper-slide-inner\">\n\t\t\t\t\t<div class=\"elementskit-testimonial-inner\" >\n\t\t\t\t\t\t<div class=\"elementskit-single-testimonial-slider  ekit_testimonial_style_2\">\n\t\t\t\t\t\t\t<div class=\"elementskit-commentor-content\">\n\t\t\t\t\t\t\t\t\t\t\t\t\t\t\t\t\t<div class=\"elementskit-client_logo\">\n\t\t\t\t\t\t\t\t\t\t\t\t\t\t\t\t\t\t\t\t<img decoding=\"async\" width=\"229\" height=\"77\" src=\"https:\/\/diesvi.com\/wp-content\/uploads\/2023\/04\/PLUSRE-removebg-preview.png\" class=\"elementskit-testimonial-client-logo\" alt=\"\" \/>\t\t\t\t\t\t\t\t\t<\/div>\n\t\t\t\t\t\t\t\t\t\t\t\t\t\t\t\t\t<p>Como usuario del sistema me parece muy buena la facilidad de uso, el sistema me parece muy funcional.<\/p>\n\t\t\t\t\t\t\t\t\t\t\t\t\t\t\t\t\t\t\t\t\t\t\t\t\t<span class=\"elementskit-border-hr\"><\/span>\n\t\t\t\t\t\t\t\t\t\t\t\t\t\t\t\t<span class=\"elementskit-profile-info\">\n\t\t\t\t\t\t\t\t\t<strong class=\"elementskit-author-name\">Jos\u00e9 Enrique G\u00f3mez Andrade<\/strong>\n\t\t\t\t\t\t\t\t\t<span class=\"elementskit-author-des\">Plus Re<\/span>\n\t\t\t\t\t\t\t\t<\/span>\n\t\t\t\t\t\t\t<\/div>\n\t\t\t\t\t\t\t\t\t\t\t\t\t<\/div>\n\t\t\t\t\t<\/div>\n\t\t\t\t<\/div>\n\t\t\t<\/div>\n\t\t\t\t\t\t<div class=\"swiper-slide\">\n\t\t\t\t<div class=\"swiper-slide-inner\">\n\t\t\t\t\t<div class=\"elementskit-testimonial-inner\" >\n\t\t\t\t\t\t<div class=\"elementskit-single-testimonial-slider  ekit_testimonial_style_2\">\n\t\t\t\t\t\t\t<div class=\"elementskit-commentor-content\">\n\t\t\t\t\t\t\t\t\t\t\t\t\t\t\t\t\t<div class=\"elementskit-client_logo\">\n\t\t\t\t\t\t\t\t\t\t\t\t\t\t\t\t\t\t\t\t<img decoding=\"async\" width=\"229\" height=\"77\" src=\"https:\/\/diesvi.com\/wp-content\/uploads\/2023\/04\/SKY-removebg-preview.png\" class=\"elementskit-testimonial-client-logo\" alt=\"\" \/>\t\t\t\t\t\t\t\t\t<\/div>\n\t\t\t\t\t\t\t\t\t\t\t\t\t\t\t\t\t<p>Es un sistema muy f\u00e1cil de usar, muy intuitivo, y cada vez que necesito algo me atienden muy r\u00e1pido, en las siguientes 24 hrs, sobre todo me ayuda a dar un servicio de alta calidad a mis socios de negocio y tener un buen control de todas mis cuentas.<\/p>\n\t\t\t\t\t\t\t\t\t\t\t\t\t\t\t\t\t\t\t\t\t\t\t\t\t<span class=\"elementskit-border-hr\"><\/span>\n\t\t\t\t\t\t\t\t\t\t\t\t\t\t\t\t<span class=\"elementskit-profile-info\">\n\t\t\t\t\t\t\t\t\t<strong class=\"elementskit-author-name\">Ver\u00f3nica Gonz\u00e1lez<\/strong>\n\t\t\t\t\t\t\t\t\t<span class=\"elementskit-author-des\">SKY RE<\/span>\n\t\t\t\t\t\t\t\t<\/span>\n\t\t\t\t\t\t\t<\/div>\n\t\t\t\t\t\t\t\t\t\t\t\t\t<\/div>\n\t\t\t\t\t<\/div>\n\t\t\t\t<\/div>\n\t\t\t<\/div>\n\t\t\t\t\t\t<div class=\"swiper-slide\">\n\t\t\t\t<div class=\"swiper-slide-inner\">\n\t\t\t\t\t<div class=\"elementskit-testimonial-inner\" >\n\t\t\t\t\t\t<div class=\"elementskit-single-testimonial-slider  ekit_testimonial_style_2\">\n\t\t\t\t\t\t\t<div class=\"elementskit-commentor-content\">\n\t\t\t\t\t\t\t\t\t\t\t\t\t\t\t\t\t<div class=\"elementskit-client_logo\">\n\t\t\t\t\t\t\t\t\t\t\t\t\t\t\t\t\t\t\t\t<img decoding=\"async\" width=\"229\" height=\"77\" src=\"https:\/\/diesvi.com\/wp-content\/uploads\/2023\/04\/PLUSRE-removebg-preview.png\" class=\"elementskit-testimonial-client-logo\" alt=\"\" \/>\t\t\t\t\t\t\t\t\t<\/div>\n\t\t\t\t\t\t\t\t\t\t\t\t\t\t\t\t\t<p>Es un sistema \u00e1gil para m\u00ed, porque es muy f\u00e1cil dar de alta los ingresos, contabilizar los pagos de primas y sinestros, la facturaci\u00f3n llevarla en orden y es sencillo de entender y operar.<\/p>\n\t\t\t\t\t\t\t\t\t\t\t\t\t\t\t\t\t\t\t\t\t\t\t\t\t<span class=\"elementskit-border-hr\"><\/span>\n\t\t\t\t\t\t\t\t\t\t\t\t\t\t\t\t<span class=\"elementskit-profile-info\">\n\t\t\t\t\t\t\t\t\t<strong class=\"elementskit-author-name\">Luis Ch\u00e1vez<\/strong>\n\t\t\t\t\t\t\t\t\t<span class=\"elementskit-author-des\">Plus Re<\/span>\n\t\t\t\t\t\t\t\t<\/span>\n\t\t\t\t\t\t\t<\/div>\n\t\t\t\t\t\t\t\t\t\t\t\t\t<\/div>\n\t\t\t\t\t<\/div>\n\t\t\t\t<\/div>\n\t\t\t<\/div>\n\t\t\t\t\t\t<div class=\"swiper-slide\">\n\t\t\t\t<div class=\"swiper-slide-inner\">\n\t\t\t\t\t<div class=\"elementskit-testimonial-inner\" >\n\t\t\t\t\t\t<div class=\"elementskit-single-testimonial-slider  ekit_testimonial_style_2\">\n\t\t\t\t\t\t\t<div class=\"elementskit-commentor-content\">\n\t\t\t\t\t\t\t\t\t\t\t\t\t\t\t\t\t<div class=\"elementskit-client_logo\">\n\t\t\t\t\t\t\t\t\t\t\t\t\t\t\t\t\t\t\t\t<img decoding=\"async\" width=\"218\" height=\"115\" src=\"https:\/\/diesvi.com\/wp-content\/uploads\/2023\/02\/BSM2.png\" class=\"elementskit-testimonial-client-logo\" alt=\"\" \/>\t\t\t\t\t\t\t\t\t<\/div>\n\t\t\t\t\t\t\t\t\t\t\t\t\t\t\t\t\t<p>El m\u00f3dulo de contratos no proporcionales me agrada mucho y va un paso adelante en cuanto a software para contratos de excesos de p\u00e9rdida.<\/p>\n\t\t\t\t\t\t\t\t\t\t\t\t\t\t\t\t\t\t\t\t\t\t\t\t\t<span class=\"elementskit-border-hr\"><\/span>\n\t\t\t\t\t\t\t\t\t\t\t\t\t\t\t\t<span class=\"elementskit-profile-info\">\n\t\t\t\t\t\t\t\t\t<strong class=\"elementskit-author-name\">Roberto Alvarado Aguilar<\/strong>\n\t\t\t\t\t\t\t\t\t<span class=\"elementskit-author-des\">Bms Re<\/span>\n\t\t\t\t\t\t\t\t<\/span>\n\t\t\t\t\t\t\t<\/div>\n\t\t\t\t\t\t\t\t\t\t\t\t\t<\/div>\n\t\t\t\t\t<\/div>\n\t\t\t\t<\/div>\n\t\t\t<\/div>\n\t\t\t\t\t\t<div class=\"swiper-slide\">\n\t\t\t\t<div class=\"swiper-slide-inner\">\n\t\t\t\t\t<div class=\"elementskit-testimonial-inner\" >\n\t\t\t\t\t\t<div class=\"elementskit-single-testimonial-slider  ekit_testimonial_style_2\">\n\t\t\t\t\t\t\t<div class=\"elementskit-commentor-content\">\n\t\t\t\t\t\t\t\t\t\t\t\t\t\t\t\t\t<div class=\"elementskit-client_logo\">\n\t\t\t\t\t\t\t\t\t\t\t\t\t\t\t\t\t\t\t\t<img loading=\"lazy\" decoding=\"async\" width=\"229\" height=\"77\" src=\"https:\/\/diesvi.com\/wp-content\/uploads\/2023\/04\/AIR-removebg-preview.png\" class=\"elementskit-testimonial-client-logo\" alt=\"\" \/>\t\t\t\t\t\t\t\t\t<\/div>\n\t\t\t\t\t\t\t\t\t\t\t\t\t\t\t\t\t<p>Como usuario del sistema me parece muy bueno la facilidad de uso.<\/p>\n\t\t\t\t\t\t\t\t\t\t\t\t\t\t\t\t\t\t\t\t\t\t\t\t\t<span class=\"elementskit-border-hr\"><\/span>\n\t\t\t\t\t\t\t\t\t\t\t\t\t\t\t\t<span class=\"elementskit-profile-info\">\n\t\t\t\t\t\t\t\t\t<strong class=\"elementskit-author-name\">Juan Carlos Nu\u00f1ez<\/strong>\n\t\t\t\t\t\t\t\t\t<span class=\"elementskit-author-des\">AIR de Centroam\u00e9rica<\/span>\n\t\t\t\t\t\t\t\t<\/span>\n\t\t\t\t\t\t\t<\/div>\n\t\t\t\t\t\t\t\t\t\t\t\t\t<\/div>\n\t\t\t\t\t<\/div>\n\t\t\t\t<\/div>\n\t\t\t<\/div>\n\t\t\t\t\t\t<div class=\"swiper-slide\">\n\t\t\t\t<div class=\"swiper-slide-inner\">\n\t\t\t\t\t<div class=\"elementskit-testimonial-inner\" >\n\t\t\t\t\t\t<div class=\"elementskit-single-testimonial-slider  ekit_testimonial_style_2\">\n\t\t\t\t\t\t\t<div class=\"elementskit-commentor-content\">\n\t\t\t\t\t\t\t\t\t\t\t\t\t\t\t\t\t<div class=\"elementskit-client_logo\">\n\t\t\t\t\t\t\t\t\t\t\t\t\t\t\t\t\t\t\t\t<img loading=\"lazy\" decoding=\"async\" width=\"229\" height=\"77\" src=\"https:\/\/diesvi.com\/wp-content\/uploads\/2023\/04\/MERIT-removebg-preview.png\" class=\"elementskit-testimonial-client-logo\" alt=\"\" \/>\t\t\t\t\t\t\t\t\t<\/div>\n\t\t\t\t\t\t\t\t\t\t\t\t\t\t\t\t\t<p>Mi experiencia en lo personal con el sistema me parece muy buena.<\/p>\n\t\t\t\t\t\t\t\t\t\t\t\t\t\t\t\t\t\t\t\t\t\t\t\t\t<span class=\"elementskit-border-hr\"><\/span>\n\t\t\t\t\t\t\t\t\t\t\t\t\t\t\t\t<span class=\"elementskit-profile-info\">\n\t\t\t\t\t\t\t\t\t<strong class=\"elementskit-author-name\">Marie Soares<\/strong>\n\t\t\t\t\t\t\t\t\t<span class=\"elementskit-author-des\">Merit Re<\/span>\n\t\t\t\t\t\t\t\t<\/span>\n\t\t\t\t\t\t\t<\/div>\n\t\t\t\t\t\t\t\t\t\t\t\t\t<\/div>\n\t\t\t\t\t<\/div>\n\t\t\t\t<\/div>\n\t\t\t<\/div>\n\t\t\t\t\t\t<div class=\"swiper-slide\">\n\t\t\t\t<div class=\"swiper-slide-inner\">\n\t\t\t\t\t<div class=\"elementskit-testimonial-inner\" >\n\t\t\t\t\t\t<div class=\"elementskit-single-testimonial-slider  ekit_testimonial_style_2\">\n\t\t\t\t\t\t\t<div class=\"elementskit-commentor-content\">\n\t\t\t\t\t\t\t\t\t\t\t\t\t\t\t\t\t<div class=\"elementskit-client_logo\">\n\t\t\t\t\t\t\t\t\t\t\t\t\t\t\t\t\t\t\t\t<img loading=\"lazy\" decoding=\"async\" width=\"229\" height=\"77\" src=\"https:\/\/diesvi.com\/wp-content\/uploads\/2023\/04\/ESPECIALUITY-removebg-preview.png\" class=\"elementskit-testimonial-client-logo\" alt=\"\" \/>\t\t\t\t\t\t\t\t\t<\/div>\n\t\t\t\t\t\t\t\t\t\t\t\t\t\t\t\t\t<p>Es un sistema amigable.<\/p>\n\t\t\t\t\t\t\t\t\t\t\t\t\t\t\t\t\t\t\t\t\t\t\t\t\t<span class=\"elementskit-border-hr\"><\/span>\n\t\t\t\t\t\t\t\t\t\t\t\t\t\t\t\t<span class=\"elementskit-profile-info\">\n\t\t\t\t\t\t\t\t\t<strong class=\"elementskit-author-name\">Elena Salgado<\/strong>\n\t\t\t\t\t\t\t\t\t<span class=\"elementskit-author-des\">Specialty RB<\/span>\n\t\t\t\t\t\t\t\t<\/span>\n\t\t\t\t\t\t\t<\/div>\n\t\t\t\t\t\t\t\t\t\t\t\t\t<\/div>\n\t\t\t\t\t<\/div>\n\t\t\t\t<\/div>\n\t\t\t<\/div>\n\t\t\t\t\t\t<div class=\"swiper-slide\">\n\t\t\t\t<div class=\"swiper-slide-inner\">\n\t\t\t\t\t<div class=\"elementskit-testimonial-inner\" >\n\t\t\t\t\t\t<div class=\"elementskit-single-testimonial-slider  ekit_testimonial_style_2\">\n\t\t\t\t\t\t\t<div class=\"elementskit-commentor-content\">\n\t\t\t\t\t\t\t\t\t\t\t\t\t\t\t\t\t<div class=\"elementskit-client_logo\">\n\t\t\t\t\t\t\t\t\t\t\t\t\t\t\t\t\t\t\t\t<img loading=\"lazy\" decoding=\"async\" width=\"229\" height=\"77\" src=\"https:\/\/diesvi.com\/wp-content\/uploads\/2023\/04\/LOCK-removebg-preview.png\" class=\"elementskit-testimonial-client-logo\" alt=\"\" \/>\t\t\t\t\t\t\t\t\t<\/div>\n\t\t\t\t\t\t\t\t\t\t\t\t\t\t\t\t\t<p>En mi experiencia es un sistema muy amigable con el usuario.<\/p>\n\t\t\t\t\t\t\t\t\t\t\t\t\t\t\t\t\t\t\t\t\t\t\t\t\t<span class=\"elementskit-border-hr\"><\/span>\n\t\t\t\t\t\t\t\t\t\t\t\t\t\t\t\t<span class=\"elementskit-profile-info\">\n\t\t\t\t\t\t\t\t\t<strong class=\"elementskit-author-name\">Ivette Buenabad<\/strong>\n\t\t\t\t\t\t\t\t\t<span class=\"elementskit-author-des\">Lockton Re<\/span>\n\t\t\t\t\t\t\t\t<\/span>\n\t\t\t\t\t\t\t<\/div>\n\t\t\t\t\t\t\t\t\t\t\t\t\t<\/div>\n\t\t\t\t\t<\/div>\n\t\t\t\t<\/div>\n\t\t\t<\/div>\n\t\t\t\t\t\t<div class=\"swiper-slide\">\n\t\t\t\t<div class=\"swiper-slide-inner\">\n\t\t\t\t\t<div class=\"elementskit-testimonial-inner\" >\n\t\t\t\t\t\t<div class=\"elementskit-single-testimonial-slider  ekit_testimonial_style_2\">\n\t\t\t\t\t\t\t<div class=\"elementskit-commentor-content\">\n\t\t\t\t\t\t\t\t\t\t\t\t\t\t\t\t\t<div class=\"elementskit-client_logo\">\n\t\t\t\t\t\t\t\t\t\t\t\t\t\t\t\t\t\t\t\t<img loading=\"lazy\" decoding=\"async\" width=\"229\" height=\"77\" src=\"https:\/\/diesvi.com\/wp-content\/uploads\/2023\/04\/CALOMEX-removebg-preview.png\" class=\"elementskit-testimonial-client-logo\" alt=\"\" \/>\t\t\t\t\t\t\t\t\t<\/div>\n\t\t\t\t\t\t\t\t\t\t\t\t\t\t\t\t\t<p>Mi experiencia como usuario con el sistema es muy buena, estoy muy satisfecho con la incorporaci\u00f3n de un sistema propio y con la disposici\u00f3n del desarrollo de nuevas ideas.<\/p>\n\t\t\t\t\t\t\t\t\t\t\t\t\t\t\t\t\t\t\t\t\t\t\t\t\t<span class=\"elementskit-border-hr\"><\/span>\n\t\t\t\t\t\t\t\t\t\t\t\t\t\t\t\t<span class=\"elementskit-profile-info\">\n\t\t\t\t\t\t\t\t\t<strong class=\"elementskit-author-name\">Guillermo Cordova<\/strong>\n\t\t\t\t\t\t\t\t\t<span class=\"elementskit-author-des\">CALOMEX<\/span>\n\t\t\t\t\t\t\t\t<\/span>\n\t\t\t\t\t\t\t<\/div>\n\t\t\t\t\t\t\t\t\t\t\t\t\t<\/div>\n\t\t\t\t\t<\/div>\n\t\t\t\t<\/div>\n\t\t\t<\/div>\n\t\t\t\t\t\t<div class=\"swiper-slide\">\n\t\t\t\t<div class=\"swiper-slide-inner\">\n\t\t\t\t\t<div class=\"elementskit-testimonial-inner\" >\n\t\t\t\t\t\t<div class=\"elementskit-single-testimonial-slider  ekit_testimonial_style_2\">\n\t\t\t\t\t\t\t<div class=\"elementskit-commentor-content\">\n\t\t\t\t\t\t\t\t\t\t\t\t\t\t\t\t\t<div class=\"elementskit-client_logo\">\n\t\t\t\t\t\t\t\t\t\t\t\t\t\t\t\t\t\t\t\t<img loading=\"lazy\" decoding=\"async\" width=\"229\" height=\"77\" src=\"https:\/\/diesvi.com\/wp-content\/uploads\/2023\/04\/CREST-removebg-preview.png\" class=\"elementskit-testimonial-client-logo\" alt=\"\" \/>\t\t\t\t\t\t\t\t\t<\/div>\n\t\t\t\t\t\t\t\t\t\t\t\t\t\t\t\t\t<p>En mi experiencia los reportes y seguimientos son muy buenos.<\/p>\n\t\t\t\t\t\t\t\t\t\t\t\t\t\t\t\t\t\t\t\t\t\t\t\t\t<span class=\"elementskit-border-hr\"><\/span>\n\t\t\t\t\t\t\t\t\t\t\t\t\t\t\t\t<span class=\"elementskit-profile-info\">\n\t\t\t\t\t\t\t\t\t<strong class=\"elementskit-author-name\">Mar\u00eda Fernanda Vergara Sotomayor<\/strong>\n\t\t\t\t\t\t\t\t\t<span class=\"elementskit-author-des\">CREST RE<\/span>\n\t\t\t\t\t\t\t\t<\/span>\n\t\t\t\t\t\t\t<\/div>\n\t\t\t\t\t\t\t\t\t\t\t\t\t<\/div>\n\t\t\t\t\t<\/div>\n\t\t\t\t<\/div>\n\t\t\t<\/div>\n\t\t\t\t\t\t<div class=\"swiper-slide\">\n\t\t\t\t<div class=\"swiper-slide-inner\">\n\t\t\t\t\t<div class=\"elementskit-testimonial-inner\" >\n\t\t\t\t\t\t<div class=\"elementskit-single-testimonial-slider  ekit_testimonial_style_2\">\n\t\t\t\t\t\t\t<div class=\"elementskit-commentor-content\">\n\t\t\t\t\t\t\t\t\t\t\t\t\t\t\t\t\t<div class=\"elementskit-client_logo\">\n\t\t\t\t\t\t\t\t\t\t\t\t\t\t\t\t\t\t\t\t<img loading=\"lazy\" decoding=\"async\" width=\"229\" height=\"77\" src=\"https:\/\/diesvi.com\/wp-content\/uploads\/2023\/04\/EMRE-removebg-preview.png\" class=\"elementskit-testimonial-client-logo\" alt=\"\" \/>\t\t\t\t\t\t\t\t\t<\/div>\n\t\t\t\t\t\t\t\t\t\t\t\t\t\t\t\t\t<p>Mi opini\u00f3n sobre la experiencia de usuario y la facilidad de uso es muy buena.\n\nLa mesa de ayuda siempre responde r\u00e1pidamente.  <\/p>\n\t\t\t\t\t\t\t\t\t\t\t\t\t\t\t\t\t\t\t\t\t\t\t\t\t<span class=\"elementskit-border-hr\"><\/span>\n\t\t\t\t\t\t\t\t\t\t\t\t\t\t\t\t<span class=\"elementskit-profile-info\">\n\t\t\t\t\t\t\t\t\t<strong class=\"elementskit-author-name\">Laura Beltr\u00e1n \u00c1vila<\/strong>\n\t\t\t\t\t\t\t\t\t<span class=\"elementskit-author-des\">EMRE<\/span>\n\t\t\t\t\t\t\t\t<\/span>\n\t\t\t\t\t\t\t<\/div>\n\t\t\t\t\t\t\t\t\t\t\t\t\t<\/div>\n\t\t\t\t\t<\/div>\n\t\t\t\t<\/div>\n\t\t\t<\/div>\n\t\t\t\t\t\t<div class=\"swiper-slide\">\n\t\t\t\t<div class=\"swiper-slide-inner\">\n\t\t\t\t\t<div class=\"elementskit-testimonial-inner\" >\n\t\t\t\t\t\t<div class=\"elementskit-single-testimonial-slider  ekit_testimonial_style_2\">\n\t\t\t\t\t\t\t<div class=\"elementskit-commentor-content\">\n\t\t\t\t\t\t\t\t\t\t\t\t\t\t\t\t\t<div class=\"elementskit-client_logo\">\n\t\t\t\t\t\t\t\t\t\t\t\t\t\t\t\t\t\t\t\t<img loading=\"lazy\" decoding=\"async\" width=\"229\" height=\"77\" src=\"https:\/\/diesvi.com\/wp-content\/uploads\/2023\/04\/CREST-removebg-preview.png\" class=\"elementskit-testimonial-client-logo\" alt=\"\" \/>\t\t\t\t\t\t\t\t\t<\/div>\n\t\t\t\t\t\t\t\t\t\t\t\t\t\t\t\t\t<p>El sistema es de muy f\u00e1cil uso.<\/p>\n\t\t\t\t\t\t\t\t\t\t\t\t\t\t\t\t\t\t\t\t\t\t\t\t\t<span class=\"elementskit-border-hr\"><\/span>\n\t\t\t\t\t\t\t\t\t\t\t\t\t\t\t\t<span class=\"elementskit-profile-info\">\n\t\t\t\t\t\t\t\t\t<strong class=\"elementskit-author-name\">Erick Bernal <\/strong>\n\t\t\t\t\t\t\t\t\t<span class=\"elementskit-author-des\">CREST<\/span>\n\t\t\t\t\t\t\t\t<\/span>\n\t\t\t\t\t\t\t<\/div>\n\t\t\t\t\t\t\t\t\t\t\t\t\t<\/div>\n\t\t\t\t\t<\/div>\n\t\t\t\t<\/div>\n\t\t\t<\/div>\n\t\t\t\t\t<\/div>\n\n\t\t\n\t\t\t<\/div>\n<\/div>\n<\/div>\t\t\t\t<\/div>\n\t\t\t\t<\/div>\n\t\t\t\t\t<\/div>\n\t\t<\/div>\n\t\t\t\t\t<\/div>\n\t\t<\/section>\n\t\t\t\t<\/div>\n\t\t","protected":false},"excerpt":{"rendered":"<p>Inicio TESTIMONIOS Testimonios Lo que dicen nuestros clientes Testimonios de Nuestros Clientes Como usuario del sistema me parece muy buena la facilidad de uso, el sistema me parece muy funcional. Jos\u00e9 Enrique G\u00f3mez Andrade Plus Re Es un sistema muy f\u00e1cil de usar, muy intuitivo, y cada vez que necesito algo me atienden muy r\u00e1pido, [&hellip;]<\/p>\n","protected":false},"author":1,"featured_media":0,"parent":0,"menu_order":0,"comment_status":"closed","ping_status":"closed","template":"","meta":{"footnotes":""},"class_list":["post-204","page","type-page","status-publish","hentry"],"_links":{"self":[{"href":"https:\/\/diesvi.com\/index.php?rest_route=\/wp\/v2\/pages\/204","targetHints":{"allow":["GET"]}}],"collection":[{"href":"https:\/\/diesvi.com\/index.php?rest_route=\/wp\/v2\/pages"}],"about":[{"href":"https:\/\/diesvi.com\/index.php?rest_route=\/wp\/v2\/types\/page"}],"author":[{"embeddable":true,"href":"https:\/\/diesvi.com\/index.php?rest_route=\/wp\/v2\/users\/1"}],"replies":[{"embeddable":true,"href":"https:\/\/diesvi.com\/index.php?rest_route=%2Fwp%2Fv2%2Fcomments&post=204"}],"version-history":[{"count":0,"href":"https:\/\/diesvi.com\/index.php?rest_route=\/wp\/v2\/pages\/204\/revisions"}],"wp:attachment":[{"href":"https:\/\/diesvi.com\/index.php?rest_route=%2Fwp%2Fv2%2Fmedia&parent=204"}],"curies":[{"name":"wp","href":"https:\/\/api.w.org\/{rel}","templated":true}]}}